{"id":11810,"date":"2023-03-15T07:08:02","date_gmt":"2023-03-15T07:08:02","guid":{"rendered":"https:\/\/enconstruccion.net\/bitarte\/politica-privacidad\/"},"modified":"2023-05-02T09:56:12","modified_gmt":"2023-05-02T09:56:12","slug":"privacy-policy","status":"publish","type":"page","link":"https:\/\/bitartearquitectura.com\/en\/privacy-policy\/","title":{"rendered":"Privacy Policy"},"content":{"rendered":"\t\t<div data-elementor-type=\"wp-page\" data-elementor-id=\"11810\" class=\"elementor elementor-11810 elementor-3\" data-elementor-post-type=\"page\">\n\t\t\t\t\t\t<section class=\"elementor-section elementor-top-section elementor-element elementor-element-495a7381 elementor-section-boxed elementor-section-height-default elementor-section-height-default\" data-id=\"495a7381\" data-element_type=\"section\" data-e-type=\"section\" data-settings=\"{&quot;background_background&quot;:&quot;classic&quot;}\">\n\t\t\t\t\t\t\t<div class=\"elementor-background-overlay\"><\/div>\n\t\t\t\t\t\t\t<div class=\"elementor-container elementor-column-gap-default\">\n\t\t\t\t\t<div class=\"elementor-column elementor-col-100 elementor-top-column elementor-element elementor-element-338fcf85\" data-id=\"338fcf85\" data-element_type=\"column\" data-e-type=\"column\">\n\t\t\t<div class=\"elementor-widget-wrap elementor-element-populated\">\n\t\t\t\t\t\t<div class=\"elementor-element elementor-element-6e17d76 elementor-widget elementor-widget-text-editor\" data-id=\"6e17d76\" data-element_type=\"widget\" data-e-type=\"widget\" data-widget_type=\"text-editor.default\">\n\t\t\t\t<div class=\"elementor-widget-container\">\n\t\t\t\t\t\t\t\t\t<h3><span style=\"color: #638564;\">Protecci\u00f3n de datos<\/span><\/h3><p>Bitarte se compromete a tratar todos los datos facilitados por los visitantes de su sitio web en internet con total confidencialidad.<\/p><p>Cualquier dato ser\u00e1 incluido en un fichero conservado con la debida confidencialidad y seguridad conforme a la Ley Org\u00e1nica 15\/1999, de 13 de diciembre.<\/p><p>El usuario podr\u00e1 en todo momento acceder a sus datos, modificarlos o cancelarlos, y esto lo podr\u00e1 hacer mediante correo electr\u00f3nico a <span style=\"color: #638564;\"><a style=\"color: #638564;\" href=\"mailto:bitarte@bitartearquitectura.com\" target=\"_blank\" rel=\"noopener\">bitarte@bitartearquitectura.com<\/a><\/span><\/p><h3><span style=\"color: #638564;\">Propiedad Intelectual<\/span><\/h3><p>Este sitio web y sus contenidos se encuentran protegidos por las leyes espa\u00f1olas e internacionales sobre propiedad Intelectual e Industrial.<br \/>Queda expresamente prohibida la reproducci\u00f3n total o parcial de este sitio web sin el permiso expreso y por escrito de Bitarte.<\/p><h3><span style=\"color: #638564;\">Informaci\u00f3n Ley 34\/2002<\/span><\/h3><p>En cumplimiento con lo establecido en la Ley 34\/2002, de 11 de julio, de Servicios de la Sociedad de la Informaci\u00f3n, los datos de informaci\u00f3n general de este sitio web son:<br \/>\u2022 Bitarte Arquitectura<br \/>\u2022 Iparragirre 8<br \/>\u00a0 \u00a020001 Donostia \/ San Sebasti\u00e1n<br \/>\u00a0 \u00a0Gipuzkoa<br \/>\u2022 Correo electr\u00f3nico: <span style=\"color: #638564;\"><a style=\"color: #638564;\" href=\"mailto:bitarte@bitartearquitectura.com\" target=\"_blank\" rel=\"noopener\">bitarte@bitartearquitectura.com<\/a><\/span><br \/>\u2022 Tel\u00e9fono:<span style=\"color: #638564;\"> <a style=\"color: #638564;\" href=\"tel:678 495 729\" target=\"_blank\" rel=\"noopener\">678 495 729 \/ \u00a0<\/a><a style=\"color: #638564;\" href=\"tel:943 098 689\" target=\"_blank\" rel=\"noopener\">943 098 689<\/a><\/span><\/p><h3><span style=\"color: #638564;\">Informaci\u00f3n referente al uso de la direcci\u00f3n de contacto ofrecida en la p\u00e1gina web<\/span><\/h3><p>El env\u00edo de un correo electr\u00f3nico utilizando las direcciones de contacto que aparecen en la p\u00e1gina implica el consentimiento expreso del usuario para el uso por Bitarte, de su direcci\u00f3n de correo electr\u00f3nico con el fin de dar respuesta a su consulta mediante el env\u00edo de correo electr\u00f3nico as\u00ed como, en su caso, para darle una respuesta por otro medio de comunicaci\u00f3n electr\u00f3nica equivalente al correo electr\u00f3nico.<\/p><h3><span style=\"color: #638564;\">Cl\u00e1usula de derechos de autor y derechos de propiedad industrial<\/span><\/h3><p>Corresponde a Bitarte, el ejercicio exclusivo de los derechos de autor referentes a esta p\u00e1gina web y cualquier acto de distribuci\u00f3n o comunicaci\u00f3n p\u00fablica, reproducci\u00f3n o almacenamiento total o parcial, debe realizarse con el previo consentimiento de los responsables de Bitarte.<\/p><p>Esta p\u00e1gina web contiene enlaces (links) a otras p\u00e1ginas web gestionadas por terceros. El objetivo de estos enlaces es el de facilitar a los usuarios de otras fuentes de informaci\u00f3n existentes en la red que puedan serles de inter\u00e9s. Bitarte, no se hace en ning\u00fan caso responsable de la informaci\u00f3n referenciada en estos links por lo que el usuario accede bajo su exclusiva responsabilidad al contenido y en las condiciones de uso que rijan en los mismos.<\/p><p>Bitarte no garantiza que su sitio web se encuentre siempre operativo, ni que sus contenidos sean completos o exactos de forma permanente.<\/p><p>Bitarte no se hace responsable de los da\u00f1os o perjuicios, directos o indirectos, derivados del uso o de la informaci\u00f3n descrita en este sitio web.<\/p><p>Por tanto, Bitarte se reserva el derecho de modificar las especificaciones de los productos y servicios de este sitio web.<\/p>\t\t\t\t\t\t\t\t<\/div>\n\t\t\t\t<\/div>\n\t\t\t\t\t<\/div>\n\t\t<\/div>\n\t\t\t\t\t<\/div>\n\t\t<\/section>\n\t\t\t\t<\/div>\n\t\t","protected":false},"excerpt":{"rendered":"<p>Protecci\u00f3n de datos Bitarte se compromete a tratar todos los datos facilitados por los visitantes de su sitio web en internet con total confidencialidad. Cualquier dato ser\u00e1 incluido en un fichero conservado con la debida confidencialidad y seguridad conforme a la Ley Org\u00e1nica 15\/1999, de 13 de diciembre. El usuario podr\u00e1 en todo momento acceder [&hellip;]<\/p>\n","protected":false},"author":1,"featured_media":0,"parent":0,"menu_order":0,"comment_status":"closed","ping_status":"open","template":"","meta":{"footnotes":""},"class_list":["post-11810","page","type-page","status-publish","hentry"],"yoast_head":"<!-- This site is optimized with the Yoast SEO plugin v27.3 - https:\/\/yoast.com\/product\/yoast-seo-wordpress\/ -->\n<title>Privacy Policy - BITARTE, arquitectura e interiorismo sostenible<\/title>\n<meta name=\"robots\" content=\"index, follow, max-snippet:-1, max-image-preview:large, max-video-preview:-1\" \/>\n<link rel=\"canonical\" href=\"https:\/\/bitartearquitectura.com\/politica-privacidad\/\" \/>\n<meta property=\"og:locale\" content=\"en_US\" \/>\n<meta property=\"og:type\" content=\"article\" \/>\n<meta property=\"og:title\" content=\"Privacy Policy - BITARTE, arquitectura e interiorismo sostenible\" \/>\n<meta property=\"og:description\" content=\"Protecci\u00f3n de datos Bitarte se compromete a tratar todos los datos facilitados por los visitantes de su sitio web en internet con total confidencialidad. Cualquier dato ser\u00e1 incluido en un fichero conservado con la debida confidencialidad y seguridad conforme a la Ley Org\u00e1nica 15\/1999, de 13 de diciembre. El usuario podr\u00e1 en todo momento acceder [&hellip;]\" \/>\n<meta property=\"og:url\" content=\"https:\/\/bitartearquitectura.com\/politica-privacidad\/\" \/>\n<meta property=\"og:site_name\" content=\"BITARTE, arquitectura e interiorismo sostenible\" \/>\n<meta property=\"article:publisher\" content=\"https:\/\/www.facebook.com\/bitartearquitectura\/\" \/>\n<meta property=\"article:modified_time\" content=\"2023-05-02T09:56:12+00:00\" \/>\n<meta name=\"twitter:card\" content=\"summary_large_image\" \/>\n<meta name=\"twitter:label1\" content=\"Est. reading time\" \/>\n\t<meta name=\"twitter:data1\" content=\"2 minutes\" \/>\n<script type=\"application\/ld+json\" class=\"yoast-schema-graph\">{\"@context\":\"https:\\\/\\\/schema.org\",\"@graph\":[{\"@type\":\"WebPage\",\"@id\":\"https:\\\/\\\/bitartearquitectura.com\\\/politica-privacidad\\\/\",\"url\":\"https:\\\/\\\/bitartearquitectura.com\\\/politica-privacidad\\\/\",\"name\":\"Privacy Policy - BITARTE, arquitectura e interiorismo sostenible\",\"isPartOf\":{\"@id\":\"https:\\\/\\\/bitartearquitectura.com\\\/#website\"},\"datePublished\":\"2023-03-15T07:08:02+00:00\",\"dateModified\":\"2023-05-02T09:56:12+00:00\",\"breadcrumb\":{\"@id\":\"https:\\\/\\\/bitartearquitectura.com\\\/politica-privacidad\\\/#breadcrumb\"},\"inLanguage\":\"en-US\",\"potentialAction\":[{\"@type\":\"ReadAction\",\"target\":[\"https:\\\/\\\/bitartearquitectura.com\\\/politica-privacidad\\\/\"]}]},{\"@type\":\"BreadcrumbList\",\"@id\":\"https:\\\/\\\/bitartearquitectura.com\\\/politica-privacidad\\\/#breadcrumb\",\"itemListElement\":[{\"@type\":\"ListItem\",\"position\":1,\"name\":\"Portada\",\"item\":\"https:\\\/\\\/bitartearquitectura.com\\\/en\\\/\"},{\"@type\":\"ListItem\",\"position\":2,\"name\":\"Privacy Policy\"}]},{\"@type\":\"WebSite\",\"@id\":\"https:\\\/\\\/bitartearquitectura.com\\\/#website\",\"url\":\"https:\\\/\\\/bitartearquitectura.com\\\/\",\"name\":\"BITARTE, arquitectura e interiorismo sostenible\",\"description\":\"Dise\u00f1amos espacios, trasformamos ambientes, creamos interiores singulares y coordinamos todos los profesionales necesarios para tu proyecto.\",\"publisher\":{\"@id\":\"https:\\\/\\\/bitartearquitectura.com\\\/#organization\"},\"potentialAction\":[{\"@type\":\"SearchAction\",\"target\":{\"@type\":\"EntryPoint\",\"urlTemplate\":\"https:\\\/\\\/bitartearquitectura.com\\\/?s={search_term_string}\"},\"query-input\":{\"@type\":\"PropertyValueSpecification\",\"valueRequired\":true,\"valueName\":\"search_term_string\"}}],\"inLanguage\":\"en-US\"},{\"@type\":\"Organization\",\"@id\":\"https:\\\/\\\/bitartearquitectura.com\\\/#organization\",\"name\":\"BITARTE, arquitectura e interiorismo sostenible\",\"url\":\"https:\\\/\\\/bitartearquitectura.com\\\/\",\"logo\":{\"@type\":\"ImageObject\",\"inLanguage\":\"en-US\",\"@id\":\"https:\\\/\\\/bitartearquitectura.com\\\/#\\\/schema\\\/logo\\\/image\\\/\",\"url\":\"https:\\\/\\\/enconstruccion.net\\\/bitarte\\\/wp-content\\\/uploads\\\/2023\\\/03\\\/logo-bitarte-verde.svg\",\"contentUrl\":\"https:\\\/\\\/enconstruccion.net\\\/bitarte\\\/wp-content\\\/uploads\\\/2023\\\/03\\\/logo-bitarte-verde.svg\",\"width\":92,\"height\":29,\"caption\":\"BITARTE, arquitectura e interiorismo sostenible\"},\"image\":{\"@id\":\"https:\\\/\\\/bitartearquitectura.com\\\/#\\\/schema\\\/logo\\\/image\\\/\"},\"sameAs\":[\"https:\\\/\\\/www.facebook.com\\\/bitartearquitectura\\\/\",\"https:\\\/\\\/www.instagram.com\\\/bitarte_arquitectura\\\/\",\"https:\\\/\\\/www.linkedin.com\\\/company\\\/bitarte\\\/about\\\/\"]}]}<\/script>\n<!-- \/ Yoast SEO plugin. -->","yoast_head_json":{"title":"Privacy Policy - BITARTE, arquitectura e interiorismo sostenible","robots":{"index":"index","follow":"follow","max-snippet":"max-snippet:-1","max-image-preview":"max-image-preview:large","max-video-preview":"max-video-preview:-1"},"canonical":"https:\/\/bitartearquitectura.com\/politica-privacidad\/","og_locale":"en_US","og_type":"article","og_title":"Privacy Policy - BITARTE, arquitectura e interiorismo sostenible","og_description":"Protecci\u00f3n de datos Bitarte se compromete a tratar todos los datos facilitados por los visitantes de su sitio web en internet con total confidencialidad. Cualquier dato ser\u00e1 incluido en un fichero conservado con la debida confidencialidad y seguridad conforme a la Ley Org\u00e1nica 15\/1999, de 13 de diciembre. El usuario podr\u00e1 en todo momento acceder [&hellip;]","og_url":"https:\/\/bitartearquitectura.com\/politica-privacidad\/","og_site_name":"BITARTE, arquitectura e interiorismo sostenible","article_publisher":"https:\/\/www.facebook.com\/bitartearquitectura\/","article_modified_time":"2023-05-02T09:56:12+00:00","twitter_card":"summary_large_image","twitter_misc":{"Est. reading time":"2 minutes"},"schema":{"@context":"https:\/\/schema.org","@graph":[{"@type":"WebPage","@id":"https:\/\/bitartearquitectura.com\/politica-privacidad\/","url":"https:\/\/bitartearquitectura.com\/politica-privacidad\/","name":"Privacy Policy - BITARTE, arquitectura e interiorismo sostenible","isPartOf":{"@id":"https:\/\/bitartearquitectura.com\/#website"},"datePublished":"2023-03-15T07:08:02+00:00","dateModified":"2023-05-02T09:56:12+00:00","breadcrumb":{"@id":"https:\/\/bitartearquitectura.com\/politica-privacidad\/#breadcrumb"},"inLanguage":"en-US","potentialAction":[{"@type":"ReadAction","target":["https:\/\/bitartearquitectura.com\/politica-privacidad\/"]}]},{"@type":"BreadcrumbList","@id":"https:\/\/bitartearquitectura.com\/politica-privacidad\/#breadcrumb","itemListElement":[{"@type":"ListItem","position":1,"name":"Portada","item":"https:\/\/bitartearquitectura.com\/en\/"},{"@type":"ListItem","position":2,"name":"Privacy Policy"}]},{"@type":"WebSite","@id":"https:\/\/bitartearquitectura.com\/#website","url":"https:\/\/bitartearquitectura.com\/","name":"BITARTE, arquitectura e interiorismo sostenible","description":"Dise\u00f1amos espacios, trasformamos ambientes, creamos interiores singulares y coordinamos todos los profesionales necesarios para tu proyecto.","publisher":{"@id":"https:\/\/bitartearquitectura.com\/#organization"},"potentialAction":[{"@type":"SearchAction","target":{"@type":"EntryPoint","urlTemplate":"https:\/\/bitartearquitectura.com\/?s={search_term_string}"},"query-input":{"@type":"PropertyValueSpecification","valueRequired":true,"valueName":"search_term_string"}}],"inLanguage":"en-US"},{"@type":"Organization","@id":"https:\/\/bitartearquitectura.com\/#organization","name":"BITARTE, arquitectura e interiorismo sostenible","url":"https:\/\/bitartearquitectura.com\/","logo":{"@type":"ImageObject","inLanguage":"en-US","@id":"https:\/\/bitartearquitectura.com\/#\/schema\/logo\/image\/","url":"https:\/\/enconstruccion.net\/bitarte\/wp-content\/uploads\/2023\/03\/logo-bitarte-verde.svg","contentUrl":"https:\/\/enconstruccion.net\/bitarte\/wp-content\/uploads\/2023\/03\/logo-bitarte-verde.svg","width":92,"height":29,"caption":"BITARTE, arquitectura e interiorismo sostenible"},"image":{"@id":"https:\/\/bitartearquitectura.com\/#\/schema\/logo\/image\/"},"sameAs":["https:\/\/www.facebook.com\/bitartearquitectura\/","https:\/\/www.instagram.com\/bitarte_arquitectura\/","https:\/\/www.linkedin.com\/company\/bitarte\/about\/"]}]}},"_links":{"self":[{"href":"https:\/\/bitartearquitectura.com\/en\/wp-json\/wp\/v2\/pages\/11810","targetHints":{"allow":["GET"]}}],"collection":[{"href":"https:\/\/bitartearquitectura.com\/en\/wp-json\/wp\/v2\/pages"}],"about":[{"href":"https:\/\/bitartearquitectura.com\/en\/wp-json\/wp\/v2\/types\/page"}],"author":[{"embeddable":true,"href":"https:\/\/bitartearquitectura.com\/en\/wp-json\/wp\/v2\/users\/1"}],"replies":[{"embeddable":true,"href":"https:\/\/bitartearquitectura.com\/en\/wp-json\/wp\/v2\/comments?post=11810"}],"version-history":[{"count":10,"href":"https:\/\/bitartearquitectura.com\/en\/wp-json\/wp\/v2\/pages\/11810\/revisions"}],"predecessor-version":[{"id":11847,"href":"https:\/\/bitartearquitectura.com\/en\/wp-json\/wp\/v2\/pages\/11810\/revisions\/11847"}],"wp:attachment":[{"href":"https:\/\/bitartearquitectura.com\/en\/wp-json\/wp\/v2\/media?parent=11810"}],"curies":[{"name":"wp","href":"https:\/\/api.w.org\/{rel}","templated":true}]}}