{"id":11813,"date":"2023-05-02T09:38:51","date_gmt":"2023-05-02T09:38:51","guid":{"rendered":"https:\/\/enconstruccion.net\/bitarte\/?page_id=11813"},"modified":"2023-05-02T09:40:43","modified_gmt":"2023-05-02T09:40:43","slug":"cookie-policy","status":"publish","type":"page","link":"https:\/\/bitartearquitectura.com\/en\/cookie-policy\/","title":{"rendered":"Cookie policy"},"content":{"rendered":"\t\t<div data-elementor-type=\"wp-page\" data-elementor-id=\"11813\" class=\"elementor elementor-11813 elementor-11812\" data-elementor-post-type=\"page\">\n\t\t\t\t\t\t<section class=\"elementor-section elementor-top-section elementor-element elementor-element-495a7381 elementor-section-boxed elementor-section-height-default elementor-section-height-default\" data-id=\"495a7381\" data-element_type=\"section\" data-e-type=\"section\" data-settings=\"{&quot;background_background&quot;:&quot;classic&quot;}\">\n\t\t\t\t\t\t\t<div class=\"elementor-background-overlay\"><\/div>\n\t\t\t\t\t\t\t<div class=\"elementor-container elementor-column-gap-default\">\n\t\t\t\t\t<div class=\"elementor-column elementor-col-100 elementor-top-column elementor-element elementor-element-338fcf85\" data-id=\"338fcf85\" data-element_type=\"column\" data-e-type=\"column\">\n\t\t\t<div class=\"elementor-widget-wrap elementor-element-populated\">\n\t\t\t\t\t\t<div class=\"elementor-element elementor-element-6e17d76 elementor-widget elementor-widget-text-editor\" data-id=\"6e17d76\" data-element_type=\"widget\" data-e-type=\"widget\" data-widget_type=\"text-editor.default\">\n\t\t\t\t<div class=\"elementor-widget-container\">\n\t\t\t\t\t\t\t\t\t<h3><span style=\"color: #638564;\">1. Introducci\u00f3n<\/span><\/h3><p>Nuestra web, <span style=\"color: #638564;\"><a style=\"color: #638564;\" href=\"https:\/\/bitartearquitectura.com\/\">https:\/\/bitartearquitectura.com<\/a><\/span> (en adelante: \u00abla web\u00bb) utiliza cookies y otras tecnolog\u00edas relacionadas (para mayor comodidad, todas las tecnolog\u00edas se denominan \u00abcookies\u00bb). Las cookies tambi\u00e9n son colocadas por terceros a los que hemos contratado. En el siguiente documento te informamos sobre el uso de cookies en nuestra web.<\/p><h3><span style=\"color: #638564;\">2. \u00bfQu\u00e9 son las cookies?<\/span><\/h3><p>Una cookie es un peque\u00f1o archivo que se env\u00eda junto con las p\u00e1ginas de esta web y que su navegador almacena en el disco duro de su ordenador u otro dispositivo. La informaci\u00f3n almacenada puede ser devuelta a nuestros servidores o a los servidores de terceros apropiados durante una visita posterior.<\/p><h3><span style=\"color: #638564;\">3. \u00bfQu\u00e9 son los scripts?<\/span><\/h3><p>Un script es un fragmento de c\u00f3digo de programa que se utiliza para hacer que nuestra web funcione correctamente y de forma interactiva. Este c\u00f3digo se ejecuta en nuestro servidor o en su dispositivo.<\/p><h3><span style=\"color: #638564;\">4. Cookies<\/span><\/h3><h5><span style=\"color: #000000;\">4.1. Cookies t\u00e9cnicas o funcionales<\/span><\/h5><p>Algunas cookies aseguran que ciertas partes de la web funcionen correctamente y que tus preferencias de usuario sigan record\u00e1ndose. Al colocar cookies funcionales, te facilitamos la visita a nuestra web. De esta manera, no necesitas introducir repetidamente la misma informaci\u00f3n cuando visitas nuestra web y, por ejemplo, los art\u00edculos permanecen en tu cesta de la compra hasta que hayas pagado. Podemos colocar estas cookies sin tu consentimiento.<\/p><h5><span style=\"color: #000000;\">4.2. Cookies de estad\u00edsticas<\/span><\/h5><p>Utilizamos cookies estad\u00edsticas para optimizar la experiencia de la web para nuestros usuarios. Con estas cookies estad\u00edsticas obtenemos informaci\u00f3n sobre el uso de nuestra web. Te pedimos tu permiso para colocar cookies de estad\u00edsticas.<\/p><h5><span style=\"color: #000000;\">4.3. Cookies de Marketing\/Seguimiento<\/span><\/h5><p>Las cookies de marketing\/seguimiento son cookies, o cualquier otra forma de almacenamiento local, usadas para crear perfiles de usuario para mostrar publicidad o para hacer el seguimiento del usuario en esta web o en varias webs con fines de marketing similares.<\/p><h3><span style=\"color: #638564;\">5. Consentimiento<\/span><\/h3><p>Cuando visites nuestra web por primera vez, te mostraremos una ventana emergente con una explicaci\u00f3n sobre las cookies. Tan pronto como hagas clic en \u00abGuardar preferencias\u00bb, aceptas que usemos las categor\u00edas de cookies y plugins que has seleccionado en la ventana emergente, tal y como se describe en esta pol\u00edtica de cookies. Puedes desactivar el uso de cookies a trav\u00e9s de tu navegador, pero, por favor, ten en cuenta que nuestra web puede dejar de funcionar correctamente.<\/p><h5><span style=\"color: #000000;\">5.1. Gestiona tus ajustes de consentimiento<\/span><\/h5><p>Funcional (Siempre activo) Estad\u00edsticas Marketing<\/p><h3><span style=\"color: #638564;\">6. Activaci\u00f3n\/desactivaci\u00f3n y eliminaci\u00f3n de cookies<\/span><\/h3><p>Puedes utilizar tu navegador de Internet para eliminar las cookies de forma autom\u00e1tica o manual. Tambi\u00e9n puedes especificar que ciertas cookies no pueden ser colocadas. Otra opci\u00f3n es cambiar los ajustes de tu navegador de Internet para que recibas un mensaje cada vez que se coloca una cookie. Para obtener m\u00e1s informaci\u00f3n sobre estas opciones, consulta las instrucciones de la secci\u00f3n \u00abAyuda\u00bb de tu navegador. Ten en cuenta que nuestra web puede no funcionar correctamente si todas las cookies est\u00e1n desactivadas. Si borras las cookies de tu navegador, se volver\u00e1n a colocar despu\u00e9s de tu consentimiento cuando vuelvas a visitar nuestras webs.<\/p><h3><span style=\"color: #638564;\">7. Tus derechos con respecto a los datos personales<\/span><\/h3><p>Tienes los siguientes derechos con respecto a tus datos personales:<\/p><ul><li>Tiene derecho a saber por qu\u00e9 se necesitan tus datos personales, qu\u00e9 suceder\u00e1 con ellos y durante cu\u00e1nto tiempo se conservar\u00e1n.<\/li><li>Derecho de acceso: tienes derecho a acceder a tus datos personales que conocemos.<\/li><li>Derecho de rectificaci\u00f3n: tienes derecho a completar, rectificar, borrar o bloquear tus datos personales cuando lo desees.<\/li><li>Si nos das tu consentimiento para procesar tus datos, tienes derecho a revocar dicho consentimiento y a que se eliminen tus datos personales.<\/li><li>Derecho de cesi\u00f3n de tus datos: tienes derecho a solicitar todos tus datos personales al responsable del tratamiento y a transferirlos \u00edntegramente a otro responsable del tratamiento.<\/li><li>Derecho de oposici\u00f3n: puedes oponerte al tratamiento de tus datos. Nosotros cumplimos con esto, a menos que existan motivos justificados para el procesamiento.<\/li><\/ul><p>Para ejercer estos derechos, por favor, contacta con nosotros. Por favor, consulta los detalles de contacto en la parte inferior de esta pol\u00edtica de cookies. Si tienes alguna queja sobre c\u00f3mo gestionamos tus datos, nos gustar\u00eda que nos la hicieras saber, pero tambi\u00e9n tienes derecho a enviar una queja a la autoridad supervisora (la autoridad de protecci\u00f3n de datos).<\/p><h3><span style=\"color: #638564;\">8. Datos de contacto<\/span><\/h3><p>Para preguntas y\/o comentarios sobre nuestra pol\u00edtica de cookies y esta declaraci\u00f3n, por favor, contacta con nosotros usando los siguientes datos de contacto: Iparragirre 8<br \/>20001 Donostia \/ San Sebasti\u00e1n<br \/>Gipuzkoa. <br \/>Tel.: <a href=\"tel:678 495 729\" target=\"_blank\" rel=\"noopener\"><span style=\"color: #638564;\">678 495 729 \/\u00a0<\/span><\/a><span style=\"color: #638564;\"><a style=\"color: #638564;\" href=\"tel:943 098 689\" target=\"_blank\" rel=\"noopener\">943 098 689<\/a><\/span>.\u00a0<br \/>Email: <span style=\"color: #638564;\"><a style=\"color: #638564;\" href=\"mailto:bitarte@bitartearquitectura.com\" target=\"_blank\" rel=\"noopener\">bitarte@bitartearquitectura.com<\/a><\/span><\/p>\t\t\t\t\t\t\t\t<\/div>\n\t\t\t\t<\/div>\n\t\t\t\t\t<\/div>\n\t\t<\/div>\n\t\t\t\t\t<\/div>\n\t\t<\/section>\n\t\t\t\t<\/div>\n\t\t","protected":false},"excerpt":{"rendered":"<p>1. Introducci\u00f3n Nuestra web, https:\/\/bitartearquitectura.com (en adelante: \u00abla web\u00bb) utiliza cookies y otras tecnolog\u00edas relacionadas (para mayor comodidad, todas las tecnolog\u00edas se denominan \u00abcookies\u00bb). Las cookies tambi\u00e9n son colocadas por terceros a los que hemos contratado. En el siguiente documento te informamos sobre el uso de cookies en nuestra web. 2. \u00bfQu\u00e9 son las cookies? [&hellip;]<\/p>\n","protected":false},"author":1,"featured_media":0,"parent":0,"menu_order":0,"comment_status":"closed","ping_status":"closed","template":"","meta":{"footnotes":""},"class_list":["post-11813","page","type-page","status-publish","hentry"],"yoast_head":"<!-- This site is optimized with the Yoast SEO plugin v27.3 - https:\/\/yoast.com\/product\/yoast-seo-wordpress\/ -->\n<title>Cookie policy - BITARTE, arquitectura e interiorismo sostenible<\/title>\n<meta name=\"robots\" content=\"index, follow, max-snippet:-1, max-image-preview:large, max-video-preview:-1\" \/>\n<link rel=\"canonical\" href=\"https:\/\/bitartearquitectura.com\/politica-de-cookies\/\" \/>\n<meta property=\"og:locale\" content=\"en_US\" \/>\n<meta property=\"og:type\" content=\"article\" \/>\n<meta property=\"og:title\" content=\"Cookie policy - BITARTE, arquitectura e interiorismo sostenible\" \/>\n<meta property=\"og:description\" content=\"1. Introducci\u00f3n Nuestra web, https:\/\/bitartearquitectura.com (en adelante: \u00abla web\u00bb) utiliza cookies y otras tecnolog\u00edas relacionadas (para mayor comodidad, todas las tecnolog\u00edas se denominan \u00abcookies\u00bb). Las cookies tambi\u00e9n son colocadas por terceros a los que hemos contratado. En el siguiente documento te informamos sobre el uso de cookies en nuestra web. 2. \u00bfQu\u00e9 son las cookies? [&hellip;]\" \/>\n<meta property=\"og:url\" content=\"https:\/\/bitartearquitectura.com\/politica-de-cookies\/\" \/>\n<meta property=\"og:site_name\" content=\"BITARTE, arquitectura e interiorismo sostenible\" \/>\n<meta property=\"article:publisher\" content=\"https:\/\/www.facebook.com\/bitartearquitectura\/\" \/>\n<meta property=\"article:modified_time\" content=\"2023-05-02T09:40:43+00:00\" \/>\n<meta name=\"twitter:card\" content=\"summary_large_image\" \/>\n<meta name=\"twitter:label1\" content=\"Est. reading time\" \/>\n\t<meta name=\"twitter:data1\" content=\"4 minutes\" \/>\n<script type=\"application\/ld+json\" class=\"yoast-schema-graph\">{\"@context\":\"https:\\\/\\\/schema.org\",\"@graph\":[{\"@type\":\"WebPage\",\"@id\":\"https:\\\/\\\/bitartearquitectura.com\\\/politica-de-cookies\\\/\",\"url\":\"https:\\\/\\\/bitartearquitectura.com\\\/politica-de-cookies\\\/\",\"name\":\"Cookie policy - BITARTE, arquitectura e interiorismo sostenible\",\"isPartOf\":{\"@id\":\"https:\\\/\\\/bitartearquitectura.com\\\/#website\"},\"datePublished\":\"2023-05-02T09:38:51+00:00\",\"dateModified\":\"2023-05-02T09:40:43+00:00\",\"breadcrumb\":{\"@id\":\"https:\\\/\\\/bitartearquitectura.com\\\/politica-de-cookies\\\/#breadcrumb\"},\"inLanguage\":\"en-US\",\"potentialAction\":[{\"@type\":\"ReadAction\",\"target\":[\"https:\\\/\\\/bitartearquitectura.com\\\/politica-de-cookies\\\/\"]}]},{\"@type\":\"BreadcrumbList\",\"@id\":\"https:\\\/\\\/bitartearquitectura.com\\\/politica-de-cookies\\\/#breadcrumb\",\"itemListElement\":[{\"@type\":\"ListItem\",\"position\":1,\"name\":\"Portada\",\"item\":\"https:\\\/\\\/bitartearquitectura.com\\\/en\\\/\"},{\"@type\":\"ListItem\",\"position\":2,\"name\":\"Cookie policy\"}]},{\"@type\":\"WebSite\",\"@id\":\"https:\\\/\\\/bitartearquitectura.com\\\/#website\",\"url\":\"https:\\\/\\\/bitartearquitectura.com\\\/\",\"name\":\"BITARTE, arquitectura e interiorismo sostenible\",\"description\":\"Dise\u00f1amos espacios, trasformamos ambientes, creamos interiores singulares y coordinamos todos los profesionales necesarios para tu proyecto.\",\"publisher\":{\"@id\":\"https:\\\/\\\/bitartearquitectura.com\\\/#organization\"},\"potentialAction\":[{\"@type\":\"SearchAction\",\"target\":{\"@type\":\"EntryPoint\",\"urlTemplate\":\"https:\\\/\\\/bitartearquitectura.com\\\/?s={search_term_string}\"},\"query-input\":{\"@type\":\"PropertyValueSpecification\",\"valueRequired\":true,\"valueName\":\"search_term_string\"}}],\"inLanguage\":\"en-US\"},{\"@type\":\"Organization\",\"@id\":\"https:\\\/\\\/bitartearquitectura.com\\\/#organization\",\"name\":\"BITARTE, arquitectura e interiorismo sostenible\",\"url\":\"https:\\\/\\\/bitartearquitectura.com\\\/\",\"logo\":{\"@type\":\"ImageObject\",\"inLanguage\":\"en-US\",\"@id\":\"https:\\\/\\\/bitartearquitectura.com\\\/#\\\/schema\\\/logo\\\/image\\\/\",\"url\":\"https:\\\/\\\/enconstruccion.net\\\/bitarte\\\/wp-content\\\/uploads\\\/2023\\\/03\\\/logo-bitarte-verde.svg\",\"contentUrl\":\"https:\\\/\\\/enconstruccion.net\\\/bitarte\\\/wp-content\\\/uploads\\\/2023\\\/03\\\/logo-bitarte-verde.svg\",\"width\":92,\"height\":29,\"caption\":\"BITARTE, arquitectura e interiorismo sostenible\"},\"image\":{\"@id\":\"https:\\\/\\\/bitartearquitectura.com\\\/#\\\/schema\\\/logo\\\/image\\\/\"},\"sameAs\":[\"https:\\\/\\\/www.facebook.com\\\/bitartearquitectura\\\/\",\"https:\\\/\\\/www.instagram.com\\\/bitarte_arquitectura\\\/\",\"https:\\\/\\\/www.linkedin.com\\\/company\\\/bitarte\\\/about\\\/\"]}]}<\/script>\n<!-- \/ Yoast SEO plugin. -->","yoast_head_json":{"title":"Cookie policy - BITARTE, arquitectura e interiorismo sostenible","robots":{"index":"index","follow":"follow","max-snippet":"max-snippet:-1","max-image-preview":"max-image-preview:large","max-video-preview":"max-video-preview:-1"},"canonical":"https:\/\/bitartearquitectura.com\/politica-de-cookies\/","og_locale":"en_US","og_type":"article","og_title":"Cookie policy - BITARTE, arquitectura e interiorismo sostenible","og_description":"1. Introducci\u00f3n Nuestra web, https:\/\/bitartearquitectura.com (en adelante: \u00abla web\u00bb) utiliza cookies y otras tecnolog\u00edas relacionadas (para mayor comodidad, todas las tecnolog\u00edas se denominan \u00abcookies\u00bb). Las cookies tambi\u00e9n son colocadas por terceros a los que hemos contratado. En el siguiente documento te informamos sobre el uso de cookies en nuestra web. 2. \u00bfQu\u00e9 son las cookies? [&hellip;]","og_url":"https:\/\/bitartearquitectura.com\/politica-de-cookies\/","og_site_name":"BITARTE, arquitectura e interiorismo sostenible","article_publisher":"https:\/\/www.facebook.com\/bitartearquitectura\/","article_modified_time":"2023-05-02T09:40:43+00:00","twitter_card":"summary_large_image","twitter_misc":{"Est. reading time":"4 minutes"},"schema":{"@context":"https:\/\/schema.org","@graph":[{"@type":"WebPage","@id":"https:\/\/bitartearquitectura.com\/politica-de-cookies\/","url":"https:\/\/bitartearquitectura.com\/politica-de-cookies\/","name":"Cookie policy - BITARTE, arquitectura e interiorismo sostenible","isPartOf":{"@id":"https:\/\/bitartearquitectura.com\/#website"},"datePublished":"2023-05-02T09:38:51+00:00","dateModified":"2023-05-02T09:40:43+00:00","breadcrumb":{"@id":"https:\/\/bitartearquitectura.com\/politica-de-cookies\/#breadcrumb"},"inLanguage":"en-US","potentialAction":[{"@type":"ReadAction","target":["https:\/\/bitartearquitectura.com\/politica-de-cookies\/"]}]},{"@type":"BreadcrumbList","@id":"https:\/\/bitartearquitectura.com\/politica-de-cookies\/#breadcrumb","itemListElement":[{"@type":"ListItem","position":1,"name":"Portada","item":"https:\/\/bitartearquitectura.com\/en\/"},{"@type":"ListItem","position":2,"name":"Cookie policy"}]},{"@type":"WebSite","@id":"https:\/\/bitartearquitectura.com\/#website","url":"https:\/\/bitartearquitectura.com\/","name":"BITARTE, arquitectura e interiorismo sostenible","description":"Dise\u00f1amos espacios, trasformamos ambientes, creamos interiores singulares y coordinamos todos los profesionales necesarios para tu proyecto.","publisher":{"@id":"https:\/\/bitartearquitectura.com\/#organization"},"potentialAction":[{"@type":"SearchAction","target":{"@type":"EntryPoint","urlTemplate":"https:\/\/bitartearquitectura.com\/?s={search_term_string}"},"query-input":{"@type":"PropertyValueSpecification","valueRequired":true,"valueName":"search_term_string"}}],"inLanguage":"en-US"},{"@type":"Organization","@id":"https:\/\/bitartearquitectura.com\/#organization","name":"BITARTE, arquitectura e interiorismo sostenible","url":"https:\/\/bitartearquitectura.com\/","logo":{"@type":"ImageObject","inLanguage":"en-US","@id":"https:\/\/bitartearquitectura.com\/#\/schema\/logo\/image\/","url":"https:\/\/enconstruccion.net\/bitarte\/wp-content\/uploads\/2023\/03\/logo-bitarte-verde.svg","contentUrl":"https:\/\/enconstruccion.net\/bitarte\/wp-content\/uploads\/2023\/03\/logo-bitarte-verde.svg","width":92,"height":29,"caption":"BITARTE, arquitectura e interiorismo sostenible"},"image":{"@id":"https:\/\/bitartearquitectura.com\/#\/schema\/logo\/image\/"},"sameAs":["https:\/\/www.facebook.com\/bitartearquitectura\/","https:\/\/www.instagram.com\/bitarte_arquitectura\/","https:\/\/www.linkedin.com\/company\/bitarte\/about\/"]}]}},"_links":{"self":[{"href":"https:\/\/bitartearquitectura.com\/en\/wp-json\/wp\/v2\/pages\/11813","targetHints":{"allow":["GET"]}}],"collection":[{"href":"https:\/\/bitartearquitectura.com\/en\/wp-json\/wp\/v2\/pages"}],"about":[{"href":"https:\/\/bitartearquitectura.com\/en\/wp-json\/wp\/v2\/types\/page"}],"author":[{"embeddable":true,"href":"https:\/\/bitartearquitectura.com\/en\/wp-json\/wp\/v2\/users\/1"}],"replies":[{"embeddable":true,"href":"https:\/\/bitartearquitectura.com\/en\/wp-json\/wp\/v2\/comments?post=11813"}],"version-history":[{"count":1,"href":"https:\/\/bitartearquitectura.com\/en\/wp-json\/wp\/v2\/pages\/11813\/revisions"}],"predecessor-version":[{"id":11818,"href":"https:\/\/bitartearquitectura.com\/en\/wp-json\/wp\/v2\/pages\/11813\/revisions\/11818"}],"wp:attachment":[{"href":"https:\/\/bitartearquitectura.com\/en\/wp-json\/wp\/v2\/media?parent=11813"}],"curies":[{"name":"wp","href":"https:\/\/api.w.org\/{rel}","templated":true}]}}