{"id":11309,"date":"2022-04-04T11:12:05","date_gmt":"2022-04-04T11:12:05","guid":{"rendered":"https:\/\/enconstruccion.net\/bitarte\/contacto\/"},"modified":"2023-07-14T11:07:25","modified_gmt":"2023-07-14T11:07:25","slug":"kontaktua","status":"publish","type":"page","link":"https:\/\/bitartearquitectura.com\/eu\/kontaktua\/","title":{"rendered":"Kontaktua"},"content":{"rendered":"\t\t<div data-elementor-type=\"wp-page\" data-elementor-id=\"11309\" class=\"elementor elementor-11309 elementor-7896\" data-elementor-post-type=\"page\">\n\t\t\t\t\t\t<section class=\"elementor-section elementor-top-section elementor-element elementor-element-ee3fa73 elementor-section-boxed elementor-section-height-default elementor-section-height-default\" data-id=\"ee3fa73\" data-element_type=\"section\" data-e-type=\"section\">\n\t\t\t\t\t\t<div class=\"elementor-container elementor-column-gap-default\">\n\t\t\t\t\t<div class=\"elementor-column elementor-col-50 elementor-top-column elementor-element elementor-element-bb77676\" data-id=\"bb77676\" data-element_type=\"column\" data-e-type=\"column\">\n\t\t\t<div class=\"elementor-widget-wrap elementor-element-populated\">\n\t\t\t\t\t\t<div class=\"elementor-element elementor-element-ccf92f9 elementor-widget elementor-widget-hub_fancy_heading\" data-id=\"ccf92f9\" data-element_type=\"widget\" data-e-type=\"widget\" data-widget_type=\"hub_fancy_heading.default\">\n\t\t\t\t<div class=\"elementor-widget-container\">\n\t\t\t\t\t\n\t\t<div id=\"ld-fancy-heading-69d4c4be5f07e\" class=\"ld-fancy-heading pos-rel\">\n\t\t\t<h2 class=\"ld-fh-element d-inline-block pos-rel  elementor-heading-title lqd-highlight-classic lqd-highlight-grow-left h2\"  > Jar zaitez gurekin<BR>\nharremanetan\n<\/h2>\t\t<\/div>\n\n\t\t\t\t\t\t<\/div>\n\t\t\t\t<\/div>\n\t\t\t\t<div class=\"elementor-element elementor-element-f20ddda elementor-widget elementor-widget-hub_fancy_heading\" data-id=\"f20ddda\" data-element_type=\"widget\" data-e-type=\"widget\" data-widget_type=\"hub_fancy_heading.default\">\n\t\t\t\t<div class=\"elementor-widget-container\">\n\t\t\t\t\t\n\t\t<div id=\"ld-fancy-heading-69d4c4be5f69b\" class=\"ld-fancy-heading pos-rel\">\n\t\t\t<h2 class=\"ld-fh-element d-inline-block pos-rel  elementor-heading-title lqd-highlight-classic lqd-highlight-grow-left h2\"  > Deitu edo idatz iezaguzu lehenengo bilera antolatzeko, <BR> \neta has gaitezen!<\/h2>\t\t<\/div>\n\n\t\t\t\t\t\t<\/div>\n\t\t\t\t<\/div>\n\t\t\t\t<section class=\"elementor-section elementor-inner-section elementor-element elementor-element-93e76ed elementor-section-boxed elementor-section-height-default elementor-section-height-default\" data-id=\"93e76ed\" data-element_type=\"section\" data-e-type=\"section\">\n\t\t\t\t\t\t<div class=\"elementor-container elementor-column-gap-default\">\n\t\t\t\t\t<div class=\"elementor-column elementor-col-50 elementor-inner-column elementor-element elementor-element-100fe37c\" data-id=\"100fe37c\" data-element_type=\"column\" data-e-type=\"column\">\n\t\t\t<div class=\"elementor-widget-wrap elementor-element-populated\">\n\t\t\t\t\t\t<div class=\"elementor-element elementor-element-bca1ef3 elementor-widget elementor-widget-hub_fancy_heading\" data-id=\"bca1ef3\" data-element_type=\"widget\" data-e-type=\"widget\" data-widget_type=\"hub_fancy_heading.default\">\n\t\t\t\t<div class=\"elementor-widget-container\">\n\t\t\t\t\t\n\t\t<div id=\"ld-fancy-heading-69d4c4be5fdee\" class=\"ld-fancy-heading pos-rel\">\n\t\t\t<p class=\"ld-fh-element d-inline-block pos-rel  lqd-highlight-classic lqd-highlight-grow-left p\"  > <font color=\"#638564\">Helbidea<\/font><\/p>\t\t<\/div>\n\n\t\t\t\t\t\t<\/div>\n\t\t\t\t<\/div>\n\t\t\t\t<div class=\"elementor-element elementor-element-7200d52 elementor-widget elementor-widget-hub_fancy_heading\" data-id=\"7200d52\" data-element_type=\"widget\" data-e-type=\"widget\" data-widget_type=\"hub_fancy_heading.default\">\n\t\t\t\t<div class=\"elementor-widget-container\">\n\t\t\t\t\t\n\t\t<div id=\"ld-fancy-heading-69d4c4be6052e\" class=\"ld-fancy-heading pos-rel\">\n\t\t\t<p class=\"ld-fh-element d-inline-block pos-rel  lqd-highlight-classic lqd-highlight-grow-left p\"  > \nIparragirre 8<br>\n20001 Donostia<br>\nGipuzkoa<br>\n\n<span style=\"text-decoration: underline;color: #00000\"><a style=\"text-decoration: underline;color: #00000\" href=\"https:\/\/www.google.es\/maps\/place\/BITARTE+arquitectura+%26+interiorismo\/@43.3222569,-1.9747985,17z\/data=!4m6!3m5!1s0xd422628605d2035:0x87cd8b30347bd901!8m2!3d43.3222748!4d-1.9753991!16s%2Fg%2F11h3ssrst7?hl=es\" target=\"_blank\" rel=\"noopener\">Nola iritsi<\/a><\/span><\/p>\t\t<\/div>\n\n\t\t\t\t\t\t<\/div>\n\t\t\t\t<\/div>\n\t\t\t\t\t<\/div>\n\t\t<\/div>\n\t\t\t\t<div class=\"elementor-column elementor-col-50 elementor-inner-column elementor-element elementor-element-4a77f52a\" data-id=\"4a77f52a\" data-element_type=\"column\" data-e-type=\"column\">\n\t\t\t<div class=\"elementor-widget-wrap elementor-element-populated\">\n\t\t\t\t\t\t<div class=\"elementor-element elementor-element-d3e6467 elementor-widget elementor-widget-hub_fancy_heading\" data-id=\"d3e6467\" data-element_type=\"widget\" data-e-type=\"widget\" data-widget_type=\"hub_fancy_heading.default\">\n\t\t\t\t<div class=\"elementor-widget-container\">\n\t\t\t\t\t\n\t\t<div id=\"ld-fancy-heading-69d4c4be60c8f\" class=\"ld-fancy-heading pos-rel\">\n\t\t\t<p class=\"ld-fh-element d-inline-block pos-rel  lqd-highlight-classic lqd-highlight-grow-left p\"  > Telefonoa<\/p>\t\t<\/div>\n\n\t\t\t\t\t\t<\/div>\n\t\t\t\t<\/div>\n\t\t\t\t<div class=\"elementor-element elementor-element-b988e2e elementor-widget elementor-widget-text-editor\" data-id=\"b988e2e\" data-element_type=\"widget\" data-e-type=\"widget\" data-widget_type=\"text-editor.default\">\n\t\t\t\t<div class=\"elementor-widget-container\">\n\t\t\t\t\t\t\t\t\t<p><span style=\"color: #000000;\"><a style=\"color: #000000;\" href=\"tel:678 495 729\" target=\"_blank\" rel=\"noopener\">678 495 729<\/a><\/span><br \/><span style=\"color: #000000;\"><a style=\"color: #000000;\" href=\"tel:943 098 689\" target=\"_blank\" rel=\"noopener\">943 098 689<\/a><\/span><\/p>\t\t\t\t\t\t\t\t<\/div>\n\t\t\t\t<\/div>\n\t\t\t\t<div class=\"elementor-element elementor-element-22f52ca elementor-widget elementor-widget-hub_fancy_heading\" data-id=\"22f52ca\" data-element_type=\"widget\" data-e-type=\"widget\" data-widget_type=\"hub_fancy_heading.default\">\n\t\t\t\t<div class=\"elementor-widget-container\">\n\t\t\t\t\t\n\t\t<div id=\"ld-fancy-heading-69d4c4be61b31\" class=\"ld-fancy-heading pos-rel\">\n\t\t\t<p class=\"ld-fh-element d-inline-block pos-rel  lqd-highlight-classic lqd-highlight-grow-left p\"  > Email-a<\/p>\t\t<\/div>\n\n\t\t\t\t\t\t<\/div>\n\t\t\t\t<\/div>\n\t\t\t\t<div class=\"elementor-element elementor-element-e2a80e4 elementor-widget elementor-widget-text-editor\" data-id=\"e2a80e4\" data-element_type=\"widget\" data-e-type=\"widget\" data-widget_type=\"text-editor.default\">\n\t\t\t\t<div class=\"elementor-widget-container\">\n\t\t\t\t\t\t\t\t\t<p><span style=\"color: #000000;\"><a style=\"color: #000000;\" href=\"mailto:bitarte@bitartearquitectura.com\" target=\"_blank\" rel=\"noopener\">bitarte@bitartearquitectura.com<\/a><\/span><\/p>\t\t\t\t\t\t\t\t<\/div>\n\t\t\t\t<\/div>\n\t\t\t\t\t<\/div>\n\t\t<\/div>\n\t\t\t\t\t<\/div>\n\t\t<\/section>\n\t\t\t\t\t<\/div>\n\t\t<\/div>\n\t\t\t\t<div class=\"elementor-column elementor-col-50 elementor-top-column elementor-element elementor-element-5cc768b\" data-id=\"5cc768b\" data-element_type=\"column\" data-e-type=\"column\">\n\t\t\t<div class=\"elementor-widget-wrap elementor-element-populated\">\n\t\t\t\t\t\t<div class=\"elementor-element elementor-element-611748f elementor-widget elementor-widget-image\" data-id=\"611748f\" data-element_type=\"widget\" data-e-type=\"widget\" data-widget_type=\"image.default\">\n\t\t\t\t<div class=\"elementor-widget-container\">\n\t\t\t\t\t\t\t\t\t\t\t\t\t\t\t\t<a href=\"https:\/\/www.google.es\/maps\/place\/BITARTE+arquitectura+%26+interiorismo\/@43.3222569,-1.9747985,17z\/data=!4m6!3m5!1s0xd422628605d2035:0x87cd8b30347bd901!8m2!3d43.3222748!4d-1.9753991!16s%2Fg%2F11h3ssrst7?hl=es\" target=\"_blank\">\n\t\t\t\t\t\t\t<img fetchpriority=\"high\" decoding=\"async\" width=\"700\" height=\"400\" src=\"https:\/\/bitartearquitectura.com\/wp-content\/uploads\/2023\/06\/mapa-bitarte.jpg\" class=\"attachment-large size-large wp-image-12577\" alt=\"\" srcset=\"https:\/\/bitartearquitectura.com\/wp-content\/uploads\/2023\/06\/mapa-bitarte.jpg 700w, https:\/\/bitartearquitectura.com\/wp-content\/uploads\/2023\/06\/mapa-bitarte-300x171.jpg 300w\" sizes=\"(max-width: 700px) 100vw, 700px\" \/>\t\t\t\t\t\t\t\t<\/a>\n\t\t\t\t\t\t\t\t\t\t\t\t\t\t\t<\/div>\n\t\t\t\t<\/div>\n\t\t\t\t\t<\/div>\n\t\t<\/div>\n\t\t\t\t\t<\/div>\n\t\t<\/section>\n\t\t\t\t<section class=\"elementor-section elementor-top-section elementor-element elementor-element-5a9ef4d elementor-section-content-middle elementor-section-boxed elementor-section-height-default elementor-section-height-default\" data-id=\"5a9ef4d\" data-element_type=\"section\" data-e-type=\"section\" id=\"contact-section\">\n\t\t\t\t\t\t<div class=\"elementor-container elementor-column-gap-default\">\n\t\t\t\t\t<div class=\"elementor-column elementor-col-100 elementor-top-column elementor-element elementor-element-68b9652\" data-id=\"68b9652\" data-element_type=\"column\" data-e-type=\"column\">\n\t\t\t<div class=\"elementor-widget-wrap elementor-element-populated\">\n\t\t\t\t\t\t<div class=\"elementor-element elementor-element-fb51293 elementor-widget elementor-widget-ld_cf722\" data-id=\"fb51293\" data-element_type=\"widget\" data-e-type=\"widget\" data-widget_type=\"ld_cf722.default\">\n\t\t\t\t<div class=\"elementor-widget-container\">\n\t\t\t\t\t\n\t<div class=\"lqd-contact-form lqd-contact-form-inputs-underlined lqd-contact-form-button-block lqd-contact-form-button-md lqd-contact-form-button-border-none lqd-contact-form-inputs-sm\" >\n\t\t\n<div class=\"wpcf7 no-js\" id=\"wpcf7-f12042-o1\" lang=\"eu-ES\" dir=\"ltr\" data-wpcf7-id=\"12042\">\n<div class=\"screen-reader-response\"><p role=\"status\" aria-live=\"polite\" aria-atomic=\"true\"><\/p> <ul><\/ul><\/div>\n<form action=\"\/eu\/wp-json\/wp\/v2\/pages\/11309#wpcf7-f12042-o1\" method=\"post\" class=\"wpcf7-form init\" aria-label=\"Contact form\" novalidate=\"novalidate\" data-status=\"init\">\n<fieldset class=\"hidden-fields-container\"><input type=\"hidden\" name=\"_wpcf7\" value=\"12042\" \/><input type=\"hidden\" name=\"_wpcf7_version\" value=\"6.1.5\" \/><input type=\"hidden\" name=\"_wpcf7_locale\" value=\"eu_ES\" \/><input type=\"hidden\" name=\"_wpcf7_unit_tag\" value=\"wpcf7-f12042-o1\" \/><input type=\"hidden\" name=\"_wpcf7_container_post\" value=\"0\" \/><input type=\"hidden\" name=\"_wpcf7_posted_data_hash\" value=\"\" \/><input type=\"hidden\" name=\"_wpcf7_recaptcha_response\" value=\"\" \/>\n<\/fieldset>\n<style>\n@media (max-width:991px){.modal-b{border:1px solid #638564!important}}\n.modal-b{\nborder:1px solid #638564;\n}\n.modal-bl-n{\nborder-left:none;\n}\n.modal-bb-n{\nborder-bottom:none;\n}\n.modal-p{\npadding:20px 15px 15px;\n}\n.modal-text{\nmargin: 0; color: #638564; font-size: 14px;\n}\n<\/style>\n<div class=\"row\" style=\"margin: 0;\">\n\t<div class=\"col-md-6 modal-p modal-b modal-bb-n\">\n\t\t<p><span class=\"wpcf7-form-control-wrap\" data-name=\"your-name\"><input size=\"40\" maxlength=\"400\" class=\"wpcf7-form-control wpcf7-text wpcf7-validates-as-required\" aria-required=\"true\" aria-invalid=\"false\" placeholder=\"Izena\" value=\"\" type=\"text\" name=\"your-name\" \/><\/span>\n\t\t<\/p>\n\t<\/div>\n\t<div class=\"col-md-6 modal-p modal-b modal-bb-n modal-bl-n\">\n\t\t<p><span class=\"wpcf7-form-control-wrap\" data-name=\"your-email\"><input size=\"40\" maxlength=\"400\" class=\"wpcf7-form-control wpcf7-email wpcf7-validates-as-required wpcf7-text wpcf7-validates-as-email\" aria-required=\"true\" aria-invalid=\"false\" placeholder=\"Email-a\" value=\"\" type=\"email\" name=\"your-email\" \/><\/span>\n\t\t<\/p>\n\t<\/div>\n\t<div class=\"col-md-6 modal-p modal-b modal-bb-n\">\n\t\t<p><span class=\"wpcf7-form-control-wrap\" data-name=\"your-tel\"><input size=\"40\" maxlength=\"400\" class=\"wpcf7-form-control wpcf7-tel wpcf7-validates-as-required wpcf7-text wpcf7-validates-as-tel\" aria-required=\"true\" aria-invalid=\"false\" placeholder=\"Telefonoa\" value=\"\" type=\"tel\" name=\"your-tel\" \/><\/span>\n\t\t<\/p>\n\t<\/div>\n\t<div class=\"col-md-6 modal-p modal-b modal-bb-n modal-bl-n\">\n\t\t<p><span class=\"wpcf7-form-control-wrap\" data-name=\"your-subject\"><select class=\"wpcf7-form-control wpcf7-select wpcf7-validates-as-required\" aria-required=\"true\" aria-invalid=\"false\" name=\"your-subject\"><option value=\"Zerbitzuak\">Zerbitzuak<\/option><option value=\"Arkitektura\">Arkitektura<\/option><option value=\"Interiorismoa\">Interiorismoa<\/option><option value=\"Dekorazioa\">Dekorazioa<\/option><\/select><\/span>\n\t\t<\/p>\n\t<\/div>\n\t<div class=\"col-md-12 modal-p modal-b\">\n\t\t<p><span class=\"wpcf7-form-control-wrap\" data-name=\"your-message\"><textarea cols=\"40\" rows=\"10\" maxlength=\"2000\" class=\"wpcf7-form-control wpcf7-textarea wpcf7-validates-as-required\" aria-required=\"true\" aria-invalid=\"false\" placeholder=\"Mezua\" name=\"your-message\"><\/textarea><\/span>\n\t\t<\/p>\n\t<\/div>\n\t<div class=\"col-md-12\" style=\"font-size: 14px; padding: 0; margin: 1.75em 0;\">\n\t\t<p><span class=\"wpcf7-form-control-wrap\" data-name=\"acceptance-860\"><span class=\"wpcf7-form-control wpcf7-acceptance\"><span class=\"wpcf7-list-item\"><label><input type=\"checkbox\" name=\"acceptance-860\" value=\"1\" aria-invalid=\"false\" \/><span class=\"wpcf7-list-item-label\">Pribatutasun-politika irakurri eta onartzen dut.<\/span><\/label><\/span><\/span><\/span>\n\t\t<\/p>\n\t<\/div>\n\t<div class=\"col-md-12\" style=\"padding: 0;\">\n\t\t<p><input class=\"wpcf7-form-control wpcf7-submit has-spinner\" type=\"submit\" value=\"Bidali\" \/>\n\t\t<\/p>\n\t<\/div>\n<\/div><div class=\"wpcf7-response-output\" aria-hidden=\"true\"><\/div>\n<\/form>\n<\/div>\n\t<\/div>\n\n\t\t\t\t\t<\/div>\n\t\t\t\t<\/div>\n\t\t\t\t\t<\/div>\n\t\t<\/div>\n\t\t\t\t\t<\/div>\n\t\t<\/section>\n\t\t\t\t<\/div>\n\t\t","protected":false},"excerpt":{"rendered":"<p>Jar zaitez gurekin harremanetan Deitu edo idatz iezaguzu lehenengo bilera antolatzeko, eta has gaitezen! Helbidea Iparragirre 8 20001 Donostia Gipuzkoa Nola iritsi Telefonoa 678 495 729943 098 689 Email-a bitarte@bitartearquitectura.com ServiciosArquitecturaInteriorismoDecoraci\u00f3n He le\u00eddo y acepto la Pol\u00edtica de Privacidad.<\/p>\n","protected":false},"author":1,"featured_media":0,"parent":0,"menu_order":0,"comment_status":"closed","ping_status":"closed","template":"","meta":{"footnotes":""},"class_list":["post-11309","page","type-page","status-publish","hentry"],"yoast_head":"<!-- This site is optimized with the Yoast SEO plugin v27.3 - https:\/\/yoast.com\/product\/yoast-seo-wordpress\/ -->\n<title>Kontaktua - BITARTE, arquitectura e interiorismo sostenible<\/title>\n<meta name=\"robots\" content=\"index, follow, max-snippet:-1, max-image-preview:large, max-video-preview:-1\" \/>\n<link rel=\"canonical\" href=\"https:\/\/bitartearquitectura.com\/eu\/kontaktua\/\" \/>\n<meta property=\"og:locale\" content=\"eu_ES\" \/>\n<meta property=\"og:type\" content=\"article\" \/>\n<meta property=\"og:title\" content=\"Kontaktua - BITARTE, arquitectura e interiorismo sostenible\" \/>\n<meta property=\"og:description\" content=\"Jar zaitez gurekin harremanetan Deitu edo idatz iezaguzu lehenengo bilera antolatzeko, eta has gaitezen! Helbidea Iparragirre 8 20001 Donostia Gipuzkoa Nola iritsi Telefonoa 678 495 729943 098 689 Email-a bitarte@bitartearquitectura.com ServiciosArquitecturaInteriorismoDecoraci\u00f3n He le\u00eddo y acepto la Pol\u00edtica de Privacidad.\" \/>\n<meta property=\"og:url\" content=\"https:\/\/bitartearquitectura.com\/eu\/kontaktua\/\" \/>\n<meta property=\"og:site_name\" content=\"BITARTE, arquitectura e interiorismo sostenible\" \/>\n<meta property=\"article:publisher\" content=\"https:\/\/www.facebook.com\/bitartearquitectura\/\" \/>\n<meta property=\"article:modified_time\" content=\"2023-07-14T11:07:25+00:00\" \/>\n<meta property=\"og:image\" content=\"https:\/\/bitartearquitectura.com\/wp-content\/uploads\/2023\/06\/mapa-bitarte.jpg\" \/>\n<meta name=\"twitter:card\" content=\"summary_large_image\" \/>\n<meta name=\"twitter:label1\" content=\"Est. reading time\" \/>\n\t<meta name=\"twitter:data1\" content=\"1 minute\" \/>\n<script type=\"application\/ld+json\" class=\"yoast-schema-graph\">{\"@context\":\"https:\\\/\\\/schema.org\",\"@graph\":[{\"@type\":\"WebPage\",\"@id\":\"https:\\\/\\\/bitartearquitectura.com\\\/eu\\\/kontaktua\\\/\",\"url\":\"https:\\\/\\\/bitartearquitectura.com\\\/eu\\\/kontaktua\\\/\",\"name\":\"Kontaktua - BITARTE, arquitectura e interiorismo sostenible\",\"isPartOf\":{\"@id\":\"https:\\\/\\\/bitartearquitectura.com\\\/#website\"},\"primaryImageOfPage\":{\"@id\":\"https:\\\/\\\/bitartearquitectura.com\\\/eu\\\/kontaktua\\\/#primaryimage\"},\"image\":{\"@id\":\"https:\\\/\\\/bitartearquitectura.com\\\/eu\\\/kontaktua\\\/#primaryimage\"},\"thumbnailUrl\":\"https:\\\/\\\/bitartearquitectura.com\\\/wp-content\\\/uploads\\\/2023\\\/06\\\/mapa-bitarte.jpg\",\"datePublished\":\"2022-04-04T11:12:05+00:00\",\"dateModified\":\"2023-07-14T11:07:25+00:00\",\"breadcrumb\":{\"@id\":\"https:\\\/\\\/bitartearquitectura.com\\\/eu\\\/kontaktua\\\/#breadcrumb\"},\"inLanguage\":\"eu-ES\",\"potentialAction\":[{\"@type\":\"ReadAction\",\"target\":[\"https:\\\/\\\/bitartearquitectura.com\\\/eu\\\/kontaktua\\\/\"]}]},{\"@type\":\"ImageObject\",\"inLanguage\":\"eu-ES\",\"@id\":\"https:\\\/\\\/bitartearquitectura.com\\\/eu\\\/kontaktua\\\/#primaryimage\",\"url\":\"https:\\\/\\\/bitartearquitectura.com\\\/wp-content\\\/uploads\\\/2023\\\/06\\\/mapa-bitarte.jpg\",\"contentUrl\":\"https:\\\/\\\/bitartearquitectura.com\\\/wp-content\\\/uploads\\\/2023\\\/06\\\/mapa-bitarte.jpg\"},{\"@type\":\"BreadcrumbList\",\"@id\":\"https:\\\/\\\/bitartearquitectura.com\\\/eu\\\/kontaktua\\\/#breadcrumb\",\"itemListElement\":[{\"@type\":\"ListItem\",\"position\":1,\"name\":\"Portada\",\"item\":\"https:\\\/\\\/bitartearquitectura.com\\\/eu\\\/\"},{\"@type\":\"ListItem\",\"position\":2,\"name\":\"Kontaktua\"}]},{\"@type\":\"WebSite\",\"@id\":\"https:\\\/\\\/bitartearquitectura.com\\\/#website\",\"url\":\"https:\\\/\\\/bitartearquitectura.com\\\/\",\"name\":\"BITARTE, arquitectura e interiorismo sostenible\",\"description\":\"Dise\u00f1amos espacios, trasformamos ambientes, creamos interiores singulares y coordinamos todos los profesionales necesarios para tu proyecto.\",\"publisher\":{\"@id\":\"https:\\\/\\\/bitartearquitectura.com\\\/#organization\"},\"potentialAction\":[{\"@type\":\"SearchAction\",\"target\":{\"@type\":\"EntryPoint\",\"urlTemplate\":\"https:\\\/\\\/bitartearquitectura.com\\\/?s={search_term_string}\"},\"query-input\":{\"@type\":\"PropertyValueSpecification\",\"valueRequired\":true,\"valueName\":\"search_term_string\"}}],\"inLanguage\":\"eu-ES\"},{\"@type\":\"Organization\",\"@id\":\"https:\\\/\\\/bitartearquitectura.com\\\/#organization\",\"name\":\"BITARTE, arquitectura e interiorismo sostenible\",\"url\":\"https:\\\/\\\/bitartearquitectura.com\\\/\",\"logo\":{\"@type\":\"ImageObject\",\"inLanguage\":\"eu-ES\",\"@id\":\"https:\\\/\\\/bitartearquitectura.com\\\/#\\\/schema\\\/logo\\\/image\\\/\",\"url\":\"https:\\\/\\\/enconstruccion.net\\\/bitarte\\\/wp-content\\\/uploads\\\/2023\\\/03\\\/logo-bitarte-verde.svg\",\"contentUrl\":\"https:\\\/\\\/enconstruccion.net\\\/bitarte\\\/wp-content\\\/uploads\\\/2023\\\/03\\\/logo-bitarte-verde.svg\",\"width\":92,\"height\":29,\"caption\":\"BITARTE, arquitectura e interiorismo sostenible\"},\"image\":{\"@id\":\"https:\\\/\\\/bitartearquitectura.com\\\/#\\\/schema\\\/logo\\\/image\\\/\"},\"sameAs\":[\"https:\\\/\\\/www.facebook.com\\\/bitartearquitectura\\\/\",\"https:\\\/\\\/www.instagram.com\\\/bitarte_arquitectura\\\/\",\"https:\\\/\\\/www.linkedin.com\\\/company\\\/bitarte\\\/about\\\/\"]}]}<\/script>\n<!-- \/ Yoast SEO plugin. -->","yoast_head_json":{"title":"Kontaktua - BITARTE, arquitectura e interiorismo sostenible","robots":{"index":"index","follow":"follow","max-snippet":"max-snippet:-1","max-image-preview":"max-image-preview:large","max-video-preview":"max-video-preview:-1"},"canonical":"https:\/\/bitartearquitectura.com\/eu\/kontaktua\/","og_locale":"eu_ES","og_type":"article","og_title":"Kontaktua - BITARTE, arquitectura e interiorismo sostenible","og_description":"Jar zaitez gurekin harremanetan Deitu edo idatz iezaguzu lehenengo bilera antolatzeko, eta has gaitezen! Helbidea Iparragirre 8 20001 Donostia Gipuzkoa Nola iritsi Telefonoa 678 495 729943 098 689 Email-a bitarte@bitartearquitectura.com ServiciosArquitecturaInteriorismoDecoraci\u00f3n He le\u00eddo y acepto la Pol\u00edtica de Privacidad.","og_url":"https:\/\/bitartearquitectura.com\/eu\/kontaktua\/","og_site_name":"BITARTE, arquitectura e interiorismo sostenible","article_publisher":"https:\/\/www.facebook.com\/bitartearquitectura\/","article_modified_time":"2023-07-14T11:07:25+00:00","og_image":[{"url":"https:\/\/bitartearquitectura.com\/wp-content\/uploads\/2023\/06\/mapa-bitarte.jpg","type":"","width":"","height":""}],"twitter_card":"summary_large_image","twitter_misc":{"Est. reading time":"1 minute"},"schema":{"@context":"https:\/\/schema.org","@graph":[{"@type":"WebPage","@id":"https:\/\/bitartearquitectura.com\/eu\/kontaktua\/","url":"https:\/\/bitartearquitectura.com\/eu\/kontaktua\/","name":"Kontaktua - BITARTE, arquitectura e interiorismo sostenible","isPartOf":{"@id":"https:\/\/bitartearquitectura.com\/#website"},"primaryImageOfPage":{"@id":"https:\/\/bitartearquitectura.com\/eu\/kontaktua\/#primaryimage"},"image":{"@id":"https:\/\/bitartearquitectura.com\/eu\/kontaktua\/#primaryimage"},"thumbnailUrl":"https:\/\/bitartearquitectura.com\/wp-content\/uploads\/2023\/06\/mapa-bitarte.jpg","datePublished":"2022-04-04T11:12:05+00:00","dateModified":"2023-07-14T11:07:25+00:00","breadcrumb":{"@id":"https:\/\/bitartearquitectura.com\/eu\/kontaktua\/#breadcrumb"},"inLanguage":"eu-ES","potentialAction":[{"@type":"ReadAction","target":["https:\/\/bitartearquitectura.com\/eu\/kontaktua\/"]}]},{"@type":"ImageObject","inLanguage":"eu-ES","@id":"https:\/\/bitartearquitectura.com\/eu\/kontaktua\/#primaryimage","url":"https:\/\/bitartearquitectura.com\/wp-content\/uploads\/2023\/06\/mapa-bitarte.jpg","contentUrl":"https:\/\/bitartearquitectura.com\/wp-content\/uploads\/2023\/06\/mapa-bitarte.jpg"},{"@type":"BreadcrumbList","@id":"https:\/\/bitartearquitectura.com\/eu\/kontaktua\/#breadcrumb","itemListElement":[{"@type":"ListItem","position":1,"name":"Portada","item":"https:\/\/bitartearquitectura.com\/eu\/"},{"@type":"ListItem","position":2,"name":"Kontaktua"}]},{"@type":"WebSite","@id":"https:\/\/bitartearquitectura.com\/#website","url":"https:\/\/bitartearquitectura.com\/","name":"BITARTE, arquitectura e interiorismo sostenible","description":"Dise\u00f1amos espacios, trasformamos ambientes, creamos interiores singulares y coordinamos todos los profesionales necesarios para tu proyecto.","publisher":{"@id":"https:\/\/bitartearquitectura.com\/#organization"},"potentialAction":[{"@type":"SearchAction","target":{"@type":"EntryPoint","urlTemplate":"https:\/\/bitartearquitectura.com\/?s={search_term_string}"},"query-input":{"@type":"PropertyValueSpecification","valueRequired":true,"valueName":"search_term_string"}}],"inLanguage":"eu-ES"},{"@type":"Organization","@id":"https:\/\/bitartearquitectura.com\/#organization","name":"BITARTE, arquitectura e interiorismo sostenible","url":"https:\/\/bitartearquitectura.com\/","logo":{"@type":"ImageObject","inLanguage":"eu-ES","@id":"https:\/\/bitartearquitectura.com\/#\/schema\/logo\/image\/","url":"https:\/\/enconstruccion.net\/bitarte\/wp-content\/uploads\/2023\/03\/logo-bitarte-verde.svg","contentUrl":"https:\/\/enconstruccion.net\/bitarte\/wp-content\/uploads\/2023\/03\/logo-bitarte-verde.svg","width":92,"height":29,"caption":"BITARTE, arquitectura e interiorismo sostenible"},"image":{"@id":"https:\/\/bitartearquitectura.com\/#\/schema\/logo\/image\/"},"sameAs":["https:\/\/www.facebook.com\/bitartearquitectura\/","https:\/\/www.instagram.com\/bitarte_arquitectura\/","https:\/\/www.linkedin.com\/company\/bitarte\/about\/"]}]}},"_links":{"self":[{"href":"https:\/\/bitartearquitectura.com\/eu\/wp-json\/wp\/v2\/pages\/11309","targetHints":{"allow":["GET"]}}],"collection":[{"href":"https:\/\/bitartearquitectura.com\/eu\/wp-json\/wp\/v2\/pages"}],"about":[{"href":"https:\/\/bitartearquitectura.com\/eu\/wp-json\/wp\/v2\/types\/page"}],"author":[{"embeddable":true,"href":"https:\/\/bitartearquitectura.com\/eu\/wp-json\/wp\/v2\/users\/1"}],"replies":[{"embeddable":true,"href":"https:\/\/bitartearquitectura.com\/eu\/wp-json\/wp\/v2\/comments?post=11309"}],"version-history":[{"count":52,"href":"https:\/\/bitartearquitectura.com\/eu\/wp-json\/wp\/v2\/pages\/11309\/revisions"}],"predecessor-version":[{"id":15029,"href":"https:\/\/bitartearquitectura.com\/eu\/wp-json\/wp\/v2\/pages\/11309\/revisions\/15029"}],"wp:attachment":[{"href":"https:\/\/bitartearquitectura.com\/eu\/wp-json\/wp\/v2\/media?parent=11309"}],"curies":[{"name":"wp","href":"https:\/\/api.w.org\/{rel}","templated":true}]}}